{"id":1845,"date":"2021-01-27T05:32:38","date_gmt":"2021-01-27T04:32:38","guid":{"rendered":"http:\/\/pabnnmw.cluster030.hosting.ovh.net\/?page_id=1845"},"modified":"2023-11-07T15:13:35","modified_gmt":"2023-11-07T14:13:35","slug":"mariage","status":"publish","type":"page","link":"https:\/\/montgeoly.org\/?page_id=1845","title":{"rendered":"Mariage"},"content":{"rendered":"\n<div class=\"wp-block-columns is-layout-flex wp-container-core-columns-is-layout-9d6595d7 wp-block-columns-is-layout-flex\">\n<div class=\"wp-block-column is-layout-flow wp-block-column-is-layout-flow\">\n<p><strong>Vous souhaitez vous marier \u00e0 Montgeoly ?<\/strong><br>Tout d&rsquo;abord, f\u00e9licitations ! Avec votre mariage vous ouvrez un nouveau chapitre de votre vie. C&rsquo;est une grand \u00e9tape pour laquelle il faut \u00eatre bien pr\u00e9par\u00e9. <\/p>\n\n\n\n<p><strong>Que dois-je faire en premier ?<\/strong><br>Appelez la secr\u00e9taire paroissiale pour choisir une date et demander un dossier d&rsquo;inscription. Il faut vous inscrire avant le 31 octobre de l&rsquo;ann\u00e9e qui pr\u00e9c\u00e8de la date choisie de votre mariage.<\/p>\n<\/div>\n\n\n\n<div class=\"wp-block-column is-layout-flow wp-block-column-is-layout-flow\"><div class=\"wp-block-image\">\n<figure class=\"aligncenter size-large is-resized\"><img loading=\"lazy\" decoding=\"async\" src=\"http:\/\/pabnnmw.cluster030.hosting.ovh.net\/wp-content\/uploads\/2021\/01\/P4200152a-scaled-e1612518219367-1024x676.jpg\" alt=\"\" class=\"wp-image-1827\" width=\"315\" height=\"207\" srcset=\"https:\/\/montgeoly.org\/wp-content\/uploads\/2021\/01\/P4200152a-scaled-e1612518219367-1024x676.jpg 1024w, https:\/\/montgeoly.org\/wp-content\/uploads\/2021\/01\/P4200152a-scaled-e1612518219367-300x198.jpg 300w, https:\/\/montgeoly.org\/wp-content\/uploads\/2021\/01\/P4200152a-scaled-e1612518219367-768x507.jpg 768w, https:\/\/montgeoly.org\/wp-content\/uploads\/2021\/01\/P4200152a-scaled-e1612518219367-1536x1015.jpg 1536w, https:\/\/montgeoly.org\/wp-content\/uploads\/2021\/01\/P4200152a-scaled-e1612518219367.jpg 1676w\" sizes=\"auto, (max-width: 315px) 100vw, 315px\" \/><\/figure><\/div><\/div>\n<\/div>\n\n\n\n<p><br><\/p>\n","protected":false},"excerpt":{"rendered":"<p>Vous souhaitez vous marier \u00e0 Montgeoly ?Tout d&rsquo;abord, f\u00e9licitations ! Avec votre mariage vous ouvrez un nouveau chapitre de votre vie. C&rsquo;est une grand \u00e9tape pour laquelle il faut \u00eatre bien pr\u00e9par\u00e9. Que dois-je faire en premier ?Appelez la secr\u00e9taire paroissiale pour choisir une date et demander un dossier d&rsquo;inscription. Il faut vous inscrire avant le 31 octobre de l&rsquo;ann\u00e9e qui pr\u00e9c\u00e8de la date choisie de votre mariage.<\/p>\n","protected":false},"author":1,"featured_media":0,"parent":0,"menu_order":0,"comment_status":"closed","ping_status":"closed","template":"template-parts\/template-no-sidebar.php","meta":{"footnotes":""},"class_list":["post-1845","page","type-page","status-publish","hentry"],"_links":{"self":[{"href":"https:\/\/montgeoly.org\/index.php?rest_route=\/wp\/v2\/pages\/1845","targetHints":{"allow":["GET"]}}],"collection":[{"href":"https:\/\/montgeoly.org\/index.php?rest_route=\/wp\/v2\/pages"}],"about":[{"href":"https:\/\/montgeoly.org\/index.php?rest_route=\/wp\/v2\/types\/page"}],"author":[{"embeddable":true,"href":"https:\/\/montgeoly.org\/index.php?rest_route=\/wp\/v2\/users\/1"}],"replies":[{"embeddable":true,"href":"https:\/\/montgeoly.org\/index.php?rest_route=%2Fwp%2Fv2%2Fcomments&post=1845"}],"version-history":[{"count":14,"href":"https:\/\/montgeoly.org\/index.php?rest_route=\/wp\/v2\/pages\/1845\/revisions"}],"predecessor-version":[{"id":4925,"href":"https:\/\/montgeoly.org\/index.php?rest_route=\/wp\/v2\/pages\/1845\/revisions\/4925"}],"wp:attachment":[{"href":"https:\/\/montgeoly.org\/index.php?rest_route=%2Fwp%2Fv2%2Fmedia&parent=1845"}],"curies":[{"name":"wp","href":"https:\/\/api.w.org\/{rel}","templated":true}]}}