{"id":1869,"date":"2021-01-27T11:59:55","date_gmt":"2021-01-27T10:59:55","guid":{"rendered":"http:\/\/pabnnmw.cluster030.hosting.ovh.net\/?page_id=1869"},"modified":"2025-09-05T17:38:50","modified_gmt":"2025-09-05T15:38:50","slug":"catechisme","status":"publish","type":"page","link":"https:\/\/montgeoly.org\/?page_id=1869","title":{"rendered":"Cat\u00e9chisme"},"content":{"rendered":"\n<p><strong>\u00c0 l\u2019heure d\u2019aujourd\u2019hui quand les gens sont de plus en plus \u00e9loign\u00e9s de l\u2019Eglise, on peut se demander \u00e0 quoi sert le cat\u00e9?<\/strong><\/p>\n\n\n\n<p>Pour les cat\u00e9chistes de notre paroisse, la r\u00e9ponse est toute simple: \u00e0 donner envie \u00e0 nos enfants de d\u00e9couvrir leur foi et de conna\u00eetre la joie d\u2019ouvrir leurs c\u0153urs \u00e0 l\u2019amour de Dieu!<\/p>\n\n\n\n<p>Le cat\u00e9 n\u2019est plus enseign\u00e9 comme autrefois ; le bachotage a c\u00e9d\u00e9 la place \u00e0 un dialogue entre les jeunes et le cat\u00e9chiste, l\u2019id\u00e9e \u00e9tant de susciter et de r\u00e9pondre aux questions des enfants.<\/p>\n\n\n\n<p>Le pr\u00eatre tient un r\u00f4le tr\u00e8s important. Ponctuellement, il intervient pour d\u00e9velopper les grands sujets et il participe \u00e0 chaque retraite et sortie. Il \u00e9coute nos jeunes pour les aider \u00e0 se construire dans la grande aventure qu\u2019est la foi.<\/p>\n\n\n\n<p>A Montgeoly, une dizaine de b\u00e9n\u00e9voles se devoue pour que chacun de nos enfants, \u00e0 partir du CE1, puisse faire l\u2019exp\u00e9rience de Dieu. Temps forts, messes, p\u00e8lerinages sont autant de moments cl\u00e9s o\u00f9 les enfants peuvent se retrouver.<\/p>\n\n\n\n<figure class=\"wp-block-table aligncenter\"><table><tbody><tr><td>Cat\u00e9<\/td><td>\u00e0 partir de 7 ans<\/td><td>Inscription en septembre<\/td><\/tr><tr><td>Aum\u00f4nerie<\/td><td>\u00e0 partir de 11 ans<\/td><td>Inscription en septembre<\/td><\/tr><tr><td>Confirmation<br>Adulte<\/td><td>de 18 \u00e0 100 ans !<\/td><td>Inscription avant le 31 octobre<\/td><\/tr><\/tbody><\/table><\/figure>\n\n\n\n<div style=\"height:43px\" aria-hidden=\"true\" class=\"wp-block-spacer\"><\/div>\n\n\n\n<p><strong>Les inscriptions pour l&rsquo;ann\u00e9e 2024-2025 sont ouvertes ! Vous pouvez t\u00e9l\u00e9charger la feuille d&rsquo;inscription ci-dessous et la renvoyer, une fois remplie, par mail \u00e0 paroisse.montgeoly@gmail.com<\/strong><\/p>\n\n\n\n<div style=\"height:27px\" aria-hidden=\"true\" class=\"wp-block-spacer\"><\/div>\n\n\n\n<iframe loading=\"lazy\" src=\"https:\/\/drive.google.com\/file\/d\/11dHAEYyOH6vxAKjdXFDDngQXp4BvymQm\/preview\" width=\"640\" height=\"480\" allow=\"autoplay\"><\/iframe>\n\n\n\n<div style=\"height:100px\" aria-hidden=\"true\" class=\"wp-block-spacer\"><\/div>\n\n\n<style type=\"text\/css\">\n#foogallery-gallery-2079 .fg-image { width: 640px; }<\/style>\n\t\t\t<div class=\"foogallery foogallery-container foogallery-image-viewer foogallery-link-image foogallery-lightbox-foobox fg-center fg-image-viewer fg-ready fg-light fg-border-thin fg-shadow-outline fg-loaded-fade-in fg-caption-hover fg-hover-fade fg-hover-zoom\" id=\"foogallery-gallery-2079\" data-foogallery=\"{&quot;item&quot;:{&quot;showCaptionTitle&quot;:true,&quot;showCaptionDescription&quot;:true},&quot;lazy&quot;:true,&quot;template&quot;:{&quot;loop&quot;:true}}\" style=\"--fg-title-line-clamp: 0; --fg-description-line-clamp: 0;\" >\n\t<div class=\"fiv-inner\">\n\t\t<div class=\"fiv-inner-container\">\n\t\t\t<div class=\"fg-item fg-type-image fg-idle\"><figure class=\"fg-item-inner\"><a href=\"https:\/\/montgeoly.org\/wp-content\/uploads\/2023\/11\/IMG_8506-scaled.jpg\" data-caption-title=\"IMG_8506\" data-attachment-id=\"4860\" data-type=\"image\" class=\"fg-thumb\"><span class=\"fg-image-wrap\"><img fetchpriority=\"high\" decoding=\"async\" width=\"640\" height=\"360\" class=\"skip-lazy fg-image\" data-src-fg=\"https:\/\/montgeoly.org\/wp-content\/uploads\/cache\/2023\/11\/IMG_8506-scaled\/-321892126.jpg\" src=\"data:image\/svg+xml,%3Csvg%20xmlns%3D%22http%3A%2F%2Fwww.w3.org%2F2000%2Fsvg%22%20width%3D%22640%22%20height%3D%22360%22%20viewBox%3D%220%200%20640%20360%22%3E%3C%2Fsvg%3E\" loading=\"eager\"><\/span><span class=\"fg-image-overlay\"><\/span><\/a><figcaption class=\"fg-caption\"><div class=\"fg-caption-inner\"><div class=\"fg-caption-title\">IMG_8506<\/div><\/div><\/figcaption><\/figure><div class=\"fg-loader\"><\/div><\/div><div class=\"fg-item fg-type-image fg-idle\"><figure class=\"fg-item-inner\"><a href=\"https:\/\/montgeoly.org\/wp-content\/uploads\/2023\/05\/IMG_20230521_100323_691.webp\" data-caption-title=\"IMG_20230521_100323_691\" data-attachment-id=\"4518\" data-type=\"image\" class=\"fg-thumb\"><span class=\"fg-image-wrap\"><img decoding=\"async\" width=\"640\" height=\"360\" class=\"skip-lazy fg-image\" data-src-fg=\"https:\/\/montgeoly.org\/wp-content\/uploads\/cache\/2023\/05\/IMG_20230521_100323_691\/515898701.webp\" src=\"data:image\/svg+xml,%3Csvg%20xmlns%3D%22http%3A%2F%2Fwww.w3.org%2F2000%2Fsvg%22%20width%3D%22640%22%20height%3D%22360%22%20viewBox%3D%220%200%20640%20360%22%3E%3C%2Fsvg%3E\" loading=\"eager\"><\/span><span class=\"fg-image-overlay\"><\/span><\/a><figcaption class=\"fg-caption\"><div class=\"fg-caption-inner\"><div class=\"fg-caption-title\">IMG_20230521_100323_691<\/div><\/div><\/figcaption><\/figure><div class=\"fg-loader\"><\/div><\/div><div class=\"fg-item fg-type-image fg-idle\"><figure class=\"fg-item-inner\"><a href=\"https:\/\/montgeoly.org\/wp-content\/uploads\/2023\/04\/IMG_20230329_101608_177.webp\" data-caption-title=\"IMG_20230329_101608_177\" data-attachment-id=\"4367\" data-type=\"image\" class=\"fg-thumb\"><span class=\"fg-image-wrap\"><img decoding=\"async\" width=\"640\" height=\"360\" class=\"skip-lazy fg-image\" data-src-fg=\"https:\/\/montgeoly.org\/wp-content\/uploads\/cache\/2023\/04\/IMG_20230329_101608_177\/-1870483476.webp\" src=\"data:image\/svg+xml,%3Csvg%20xmlns%3D%22http%3A%2F%2Fwww.w3.org%2F2000%2Fsvg%22%20width%3D%22640%22%20height%3D%22360%22%20viewBox%3D%220%200%20640%20360%22%3E%3C%2Fsvg%3E\" loading=\"eager\"><\/span><span class=\"fg-image-overlay\"><\/span><\/a><figcaption class=\"fg-caption\"><div class=\"fg-caption-inner\"><div class=\"fg-caption-title\">IMG_20230329_101608_177<\/div><\/div><\/figcaption><\/figure><div class=\"fg-loader\"><\/div><\/div><div class=\"fg-item fg-type-image fg-idle\"><figure class=\"fg-item-inner\"><a href=\"https:\/\/montgeoly.org\/wp-content\/uploads\/2023\/01\/IMG-20230125-WA0008.jpg\" data-caption-title=\"IMG-20230125-WA0008\" data-attachment-id=\"4175\" data-type=\"image\" class=\"fg-thumb\"><span class=\"fg-image-wrap\"><img decoding=\"async\" width=\"640\" height=\"360\" class=\"skip-lazy fg-image\" data-src-fg=\"https:\/\/montgeoly.org\/wp-content\/uploads\/cache\/2023\/01\/IMG-20230125-WA0008\/-1264758402.jpg\" src=\"data:image\/svg+xml,%3Csvg%20xmlns%3D%22http%3A%2F%2Fwww.w3.org%2F2000%2Fsvg%22%20width%3D%22640%22%20height%3D%22360%22%20viewBox%3D%220%200%20640%20360%22%3E%3C%2Fsvg%3E\" loading=\"eager\"><\/span><span class=\"fg-image-overlay\"><\/span><\/a><figcaption class=\"fg-caption\"><div class=\"fg-caption-inner\"><div class=\"fg-caption-title\">IMG-20230125-WA0008<\/div><\/div><\/figcaption><\/figure><div class=\"fg-loader\"><\/div><\/div><div class=\"fg-item fg-type-image fg-idle\"><figure class=\"fg-item-inner\"><a href=\"https:\/\/montgeoly.org\/wp-content\/uploads\/2022\/12\/IMG_4406-scaled.jpg\" data-caption-title=\"IMG_4406\" data-attachment-id=\"4106\" data-type=\"image\" class=\"fg-thumb\"><span class=\"fg-image-wrap\"><img decoding=\"async\" width=\"640\" height=\"360\" class=\"skip-lazy fg-image\" data-src-fg=\"https:\/\/montgeoly.org\/wp-content\/uploads\/cache\/2022\/12\/IMG_4406-scaled\/-916399017.jpg\" src=\"data:image\/svg+xml,%3Csvg%20xmlns%3D%22http%3A%2F%2Fwww.w3.org%2F2000%2Fsvg%22%20width%3D%22640%22%20height%3D%22360%22%20viewBox%3D%220%200%20640%20360%22%3E%3C%2Fsvg%3E\" loading=\"eager\"><\/span><span class=\"fg-image-overlay\"><\/span><\/a><figcaption class=\"fg-caption\"><div class=\"fg-caption-inner\"><div class=\"fg-caption-title\">IMG_4406<\/div><\/div><\/figcaption><\/figure><div class=\"fg-loader\"><\/div><\/div>\t\t<\/div>\n\t\t<div class=\"fiv-ctrls\">\n\t\t\t<button type=\"button\" class=\"fiv-prev\" title=\"Pr\u00e9c\"><span>Pr\u00e9c<\/span><\/button>\n\t\t\t<label class=\"fiv-count\"><span class=\"fiv-count-current\">1<\/span>de<span class=\"fiv-count-total\">5<\/span><\/label>\n\t\t\t<button type=\"button\" class=\"fiv-next\" title=\"Suiv.\"><span>Suiv.<\/span><\/button>\n\t\t<\/div>\n\t<\/div>\n<\/div>\n\n\n<p><\/p>\n\n\n\n<p><strong>Envie de rejoindre notre \u00e9quipe de cat\u00e9chistes ? <a href=\"https:\/\/montgeoly.org\/index.php\/envie-de-nous-aider\/contact-pere-charles\/\">Contactez nous !<\/a><\/strong><\/p>\n","protected":false},"excerpt":{"rendered":"<p>\u00c0 l\u2019heure d\u2019aujourd\u2019hui quand les gens sont de plus en plus \u00e9loign\u00e9s de l\u2019Eglise, on peut se demander \u00e0 quoi sert le cat\u00e9? Pour les cat\u00e9chistes de notre paroisse, la r\u00e9ponse est toute simple: \u00e0 donner envie \u00e0 nos enfants de d\u00e9couvrir leur foi et de conna\u00eetre la joie d\u2019ouvrir leurs c\u0153urs \u00e0 l\u2019amour de Dieu! Le cat\u00e9 n\u2019est plus enseign\u00e9 comme autrefois ; le bachotage a c\u00e9d\u00e9 la place \u00e0 un dialogue entre les jeunes et le cat\u00e9chiste, l\u2019id\u00e9e \u00e9tant de susciter et de r\u00e9pondre aux questions des enfants. Le pr\u00eatre tient un r\u00f4le tr\u00e8s important. Ponctuellement, il intervient&#8230; <\/p>\n","protected":false},"author":1,"featured_media":0,"parent":0,"menu_order":0,"comment_status":"closed","ping_status":"closed","template":"template-parts\/template-no-sidebar.php","meta":{"footnotes":""},"class_list":["post-1869","page","type-page","status-publish","hentry"],"_links":{"self":[{"href":"https:\/\/montgeoly.org\/index.php?rest_route=\/wp\/v2\/pages\/1869","targetHints":{"allow":["GET"]}}],"collection":[{"href":"https:\/\/montgeoly.org\/index.php?rest_route=\/wp\/v2\/pages"}],"about":[{"href":"https:\/\/montgeoly.org\/index.php?rest_route=\/wp\/v2\/types\/page"}],"author":[{"embeddable":true,"href":"https:\/\/montgeoly.org\/index.php?rest_route=\/wp\/v2\/users\/1"}],"replies":[{"embeddable":true,"href":"https:\/\/montgeoly.org\/index.php?rest_route=%2Fwp%2Fv2%2Fcomments&post=1869"}],"version-history":[{"count":29,"href":"https:\/\/montgeoly.org\/index.php?rest_route=\/wp\/v2\/pages\/1869\/revisions"}],"predecessor-version":[{"id":6072,"href":"https:\/\/montgeoly.org\/index.php?rest_route=\/wp\/v2\/pages\/1869\/revisions\/6072"}],"wp:attachment":[{"href":"https:\/\/montgeoly.org\/index.php?rest_route=%2Fwp%2Fv2%2Fmedia&parent=1869"}],"curies":[{"name":"wp","href":"https:\/\/api.w.org\/{rel}","templated":true}]}}