{"id":2132,"date":"2021-02-09T07:18:43","date_gmt":"2021-02-09T06:18:43","guid":{"rendered":"http:\/\/pabnnmw.cluster030.hosting.ovh.net\/?page_id=2132"},"modified":"2025-11-28T12:00:59","modified_gmt":"2025-11-28T11:00:59","slug":"la-montgeolyenne","status":"publish","type":"page","link":"https:\/\/montgeoly.org\/?page_id=2132","title":{"rendered":"La Montgeolyenne"},"content":{"rendered":"\n<p>Remontez le temps avec les \u00e9ditions pass\u00e9es de notre journal paroissial en commen\u00e7ant par la plus r\u00e9cente :<\/p>\n\n\n\n<iframe loading=\"lazy\" src=\"https:\/\/drive.google.com\/file\/d\/15aeYSyUo4iFAghkVYX-Kb50KIj85INVP\/preview\" width=\"640\" height=\"480\" allow=\"autoplay\"><\/iframe>\n\n\n\n<p><\/p>\n\n\n\n<p><\/p>\n\n\n\n<p><strong><a href=\"https:\/\/drive.google.com\/file\/d\/1Klcy5zZb6pNxxrXJtgWNRnJbZqB_rSo_\/view?usp=sharing\">La Montgeolyenne 41<\/a><\/strong><br><a href=\"https:\/\/drive.google.com\/file\/d\/1PmUHBmKNU5388H4DPwfebu-eqq2mrByF\/view?usp=sharing\"><strong>La Montgeolyenne 40<\/strong><\/a><br><strong><a href=\"https:\/\/drive.google.com\/file\/d\/1TTanpeQ72eHv73pSVmmfqKeEpfGAD4qw\/view?usp=sharing\" target=\"_blank\" rel=\"noreferrer noopener\">La Montgeolyenne 39<\/a><\/strong><br><strong><a href=\"https:\/\/drive.google.com\/file\/d\/1kQAY5Q11S_kXtcqKnmoj39kckAyRn7-v\/view?usp=sharing\" target=\"_blank\" rel=\"noreferrer noopener\">La Montgeolyenne 38<\/a><\/strong><br><strong><a href=\"https:\/\/drive.google.com\/file\/d\/1AWbBW8CXOE9XZLr6P1_LdWUKHrkANqqC\/view?usp=sharing\" target=\"_blank\" rel=\"noreferrer noopener\">La Montgeolyenne 37<\/a><\/strong><br><strong><a href=\"https:\/\/drive.google.com\/file\/d\/1wCu3bPwGlGs79TkSoF738QG2kg-ADH6X\/view?usp=sharing\" target=\"_blank\" rel=\"noreferrer noopener\">La Montgeolyenne 36<\/a><\/strong><br><strong><a href=\"https:\/\/drive.google.com\/file\/d\/1F21hVZtyk9bf_RQaL54wIlEOh0QCWKxl\/view?usp=sharing\">La Montgeolyenne 35<\/a><\/strong><br><strong><a href=\"https:\/\/drive.google.com\/file\/d\/1geLW-WBih_dGTHcp8lczvCv6U3ZFylz7\/view?usp=sharing\">La Montgeolyenne 34<\/a><\/strong><br><strong><a href=\"https:\/\/drive.google.com\/file\/d\/1T-QtT_t75I-rBKUQdD1zPOFkI0yhajdP\/view?usp=sharing\" target=\"_blank\" rel=\"noreferrer noopener\">La Montgeolyenne 33<\/a><\/strong><br><strong><a href=\"https:\/\/drive.google.com\/file\/d\/1l1mrabaDzeo-dQmJTndBKf4CXyWhOwes\/view?usp=sharing\">La Montgeolyenne 32<\/a><\/strong><br><a href=\"https:\/\/drive.google.com\/file\/d\/1qKsk6Cad3mSGx5pFmgF9DCWmYdTnbCJy\/view?usp=sharing\" target=\"_blank\" rel=\"noreferrer noopener\"><strong>La Montgeolyenne 31<\/strong><\/a><br><strong><a href=\"https:\/\/drive.google.com\/file\/d\/1E7_-GTtJiWoA1XHCejxHw-JdHXMnVNau\/view?usp=sharing\" target=\"_blank\" rel=\"noreferrer noopener\">La Montgeolyenne 30<\/a><\/strong><br><strong><a href=\"https:\/\/drive.google.com\/file\/d\/1Nojpi7okfJ4Kfm3XHizkYIcaeSsmS8Oj\/view?usp=sharing\" target=\"_blank\" rel=\"noreferrer noopener\">La Montgeolyenne 29<\/a><\/strong><br><strong><a href=\"https:\/\/drive.google.com\/file\/d\/1LNilzZaaCTJOMYP23Kwq77lBIxk1iSJu\/view?usp=sharing\" target=\"_blank\" rel=\"noreferrer noopener\">La Montgeolyenne 28<\/a><\/strong><br><strong><a href=\"https:\/\/drive.google.com\/file\/d\/1O6rC_A-upl40mFV0f2D_IrbbKfSWLs2u\/view?usp=sharing\" target=\"_blank\" rel=\"noreferrer noopener\">La Montgeolyenne 27<\/a><\/strong><br><strong><a href=\"https:\/\/drive.google.com\/file\/d\/1XYsA_NbKGTBWKyaZQTpC0VtNxxs9pz_v\/view?usp=sharing\" target=\"_blank\" rel=\"noreferrer noopener\">La Montgeolyenne 26<\/a><\/strong><br><a href=\"https:\/\/drive.google.com\/file\/d\/1IWwI1ZYLmEgJjzo1Dv0zPVpOhidrAzLF\/view?usp=sharing\" target=\"_blank\" rel=\"noreferrer noopener\"><strong>La Montgeolyenne 25<\/strong><\/a><br><strong><a href=\"https:\/\/drive.google.com\/file\/d\/10aCeFmzNQRp2lh_kHugt1Xd2Pm5feqdw\/view?usp=sharing\" target=\"_blank\" rel=\"noreferrer noopener\">La Montgeolyenne 24<\/a><\/strong><br><a href=\"https:\/\/drive.google.com\/file\/d\/19AeL3MB64Uxra0XX_Huuu7dMzzBe4hdi\/view?usp=sharing\" target=\"_blank\" rel=\"noreferrer noopener\"><strong>La Montgeolyenne 23<\/strong><\/a><br><a href=\"https:\/\/drive.google.com\/file\/d\/1LlzwH9UpEjVBvQtljGiipm5wbJcPFp32\/view?usp=sharing\" target=\"_blank\" rel=\"noreferrer noopener\"><strong>La Montgeolyenne 22<\/strong><\/a><br><a href=\"https:\/\/drive.google.com\/file\/d\/16R1zFYdTYazF2Fmo1SNDkS2lIeUCTfSB\/view?usp=sharing\" target=\"_blank\" rel=\"noreferrer noopener\"><strong>La Montgeolyenne 21<\/strong><\/a><\/p>\n\n\n\n<p><\/p>\n","protected":false},"excerpt":{"rendered":"<p>Remontez le temps avec les \u00e9ditions pass\u00e9es de notre journal paroissial en commen\u00e7ant par la plus r\u00e9cente : La Montgeolyenne 41La Montgeolyenne 40La Montgeolyenne 39La Montgeolyenne 38La Montgeolyenne 37La Montgeolyenne 36La Montgeolyenne 35La Montgeolyenne 34La Montgeolyenne 33La Montgeolyenne 32La Montgeolyenne 31La Montgeolyenne 30La Montgeolyenne 29La Montgeolyenne 28La Montgeolyenne 27La Montgeolyenne 26La Montgeolyenne 25La Montgeolyenne 24La Montgeolyenne 23La Montgeolyenne 22La Montgeolyenne 21<\/p>\n","protected":false},"author":1,"featured_media":0,"parent":0,"menu_order":0,"comment_status":"closed","ping_status":"closed","template":"template-parts\/template-no-sidebar.php","meta":{"footnotes":""},"class_list":["post-2132","page","type-page","status-publish","hentry"],"_links":{"self":[{"href":"https:\/\/montgeoly.org\/index.php?rest_route=\/wp\/v2\/pages\/2132","targetHints":{"allow":["GET"]}}],"collection":[{"href":"https:\/\/montgeoly.org\/index.php?rest_route=\/wp\/v2\/pages"}],"about":[{"href":"https:\/\/montgeoly.org\/index.php?rest_route=\/wp\/v2\/types\/page"}],"author":[{"embeddable":true,"href":"https:\/\/montgeoly.org\/index.php?rest_route=\/wp\/v2\/users\/1"}],"replies":[{"embeddable":true,"href":"https:\/\/montgeoly.org\/index.php?rest_route=%2Fwp%2Fv2%2Fcomments&post=2132"}],"version-history":[{"count":26,"href":"https:\/\/montgeoly.org\/index.php?rest_route=\/wp\/v2\/pages\/2132\/revisions"}],"predecessor-version":[{"id":6161,"href":"https:\/\/montgeoly.org\/index.php?rest_route=\/wp\/v2\/pages\/2132\/revisions\/6161"}],"wp:attachment":[{"href":"https:\/\/montgeoly.org\/index.php?rest_route=%2Fwp%2Fv2%2Fmedia&parent=2132"}],"curies":[{"name":"wp","href":"https:\/\/api.w.org\/{rel}","templated":true}]}}