{"id":2205,"date":"2021-02-13T05:07:19","date_gmt":"2021-02-13T04:07:19","guid":{"rendered":"http:\/\/pabnnmw.cluster030.hosting.ovh.net\/?page_id=2205"},"modified":"2021-02-18T07:23:21","modified_gmt":"2021-02-18T06:23:21","slug":"demande-dacte-de-bapteme","status":"publish","type":"page","link":"https:\/\/montgeoly.org\/?page_id=2205","title":{"rendered":"Demande d&rsquo;acte de bapt\u00eame"},"content":{"rendered":"\n\n<div class=\"wpcf7 no-js\" id=\"wpcf7-f2204-o1\" lang=\"fr-FR\" dir=\"ltr\">\n<div class=\"screen-reader-response\"><p role=\"status\" aria-live=\"polite\" aria-atomic=\"true\"><\/p> <ul><\/ul><\/div>\n<form action=\"\/index.php?rest_route=%2Fwp%2Fv2%2Fpages%2F2205#wpcf7-f2204-o1\" method=\"post\" class=\"wpcf7-form init\" aria-label=\"Formulaire de contact\" enctype=\"multipart\/form-data\" novalidate=\"novalidate\" data-status=\"init\">\n<div style=\"display: none;\">\n<input type=\"hidden\" name=\"_wpcf7\" value=\"2204\" \/>\n<input type=\"hidden\" name=\"_wpcf7_version\" value=\"5.7.6\" \/>\n<input type=\"hidden\" name=\"_wpcf7_locale\" value=\"fr_FR\" \/>\n<input type=\"hidden\" name=\"_wpcf7_unit_tag\" value=\"wpcf7-f2204-o1\" \/>\n<input type=\"hidden\" name=\"_wpcf7_container_post\" value=\"0\" \/>\n<input type=\"hidden\" name=\"_wpcf7_posted_data_hash\" value=\"\" \/>\n<input type=\"hidden\" name=\"_wpcf7_recaptcha_response\" value=\"\" \/>\n<\/div>\n<p><span class=\"wpcf7-form-control-wrap\" data-name=\"radio-220\"><span class=\"wpcf7-form-control wpcf7-radio\"><span class=\"wpcf7-list-item first\"><label><input type=\"radio\" name=\"radio-220\" value=\"Madame\" checked=\"checked\" \/><span class=\"wpcf7-list-item-label\">Madame<\/span><\/label><\/span><span class=\"wpcf7-list-item last\"><label><input type=\"radio\" name=\"radio-220\" value=\"Monsieur\" \/><span class=\"wpcf7-list-item-label\">Monsieur<\/span><\/label><\/span><\/span><\/span>\n<\/p>\n<p><label> Votre nom et pr\u00e9nom<br \/>\n<span class=\"wpcf7-form-control-wrap\" data-name=\"text-796\"><input size=\"40\" class=\"wpcf7-form-control wpcf7-text wpcf7-validates-as-required\" aria-required=\"true\" aria-invalid=\"false\" value=\"\" type=\"text\" name=\"text-796\" \/><\/span> <\/label>\n<\/p>\n<p><label> Votre e-mail<br \/>\n<span class=\"wpcf7-form-control-wrap\" data-name=\"email-722\"><input size=\"40\" class=\"wpcf7-form-control wpcf7-text wpcf7-email wpcf7-validates-as-required wpcf7-validates-as-email\" aria-required=\"true\" aria-invalid=\"false\" value=\"\" type=\"email\" name=\"email-722\" \/><\/span> <\/label>\n<\/p>\n<p><label> Votre num\u00e9ro de t\u00e9l\u00e9phone<br \/>\n<span class=\"wpcf7-form-control-wrap\" data-name=\"tel-797\"><input size=\"40\" class=\"wpcf7-form-control wpcf7-text wpcf7-tel wpcf7-validates-as-required wpcf7-validates-as-tel\" aria-required=\"true\" aria-invalid=\"false\" value=\"\" type=\"tel\" name=\"tel-797\" \/><\/span><\/label>\n<\/p>\n<p><label> Votre nom \u00e0 la date du bapt\u00eame<br \/>\n<span class=\"wpcf7-form-control-wrap\" data-name=\"text-639\"><input size=\"40\" class=\"wpcf7-form-control wpcf7-text\" aria-invalid=\"false\" value=\"\" type=\"text\" name=\"text-639\" \/><\/span> <\/label>\n<\/p>\n<p><label> Votre date de naissance<br \/>\n<span class=\"wpcf7-form-control-wrap\" data-name=\"date-420\"><input class=\"wpcf7-form-control wpcf7-date wpcf7-validates-as-required wpcf7-validates-as-date\" aria-required=\"true\" aria-invalid=\"false\" value=\"\" type=\"date\" name=\"date-420\" \/><\/span><\/label>\n<\/p>\n<p><label> Votre date de bapt\u00eame<br \/>\n<span class=\"wpcf7-form-control-wrap\" data-name=\"date-785\"><input class=\"wpcf7-form-control wpcf7-date wpcf7-validates-as-required wpcf7-validates-as-date\" aria-required=\"true\" aria-invalid=\"false\" value=\"\" type=\"date\" name=\"date-785\" \/><\/span><\/label>\n<\/p>\n<p><label> Votre lieu de bapt\u00eame<br \/>\n<span class=\"wpcf7-form-control-wrap\" data-name=\"menu-608\"><select class=\"wpcf7-form-control wpcf7-select\" aria-invalid=\"false\" multiple=\"multiple\" name=\"menu-608[]\"><option value=\"Appeville dit Annebault\">Appeville dit Annebault<\/option><option value=\"Bazoques\">Bazoques<\/option><option value=\"Boissy Lamberville\">Boissy Lamberville<\/option><option value=\"Cond\u00e9 sur Risle\">Cond\u00e9 sur Risle<\/option><option value=\"Ecaquelon\">Ecaquelon<\/option><option value=\"Epreville en Lieuvin\">Epreville en Lieuvin<\/option><option value=\"Freneuse sur Risle\">Freneuse sur Risle<\/option><option value=\"Giverville\">Giverville<\/option><option value=\"Glos sur Risle\">Glos sur Risle<\/option><option value=\"Heudreville en Lieuvin\">Heudreville en Lieuvin<\/option><option value=\"Illeville sur Montfort\">Illeville sur Montfort<\/option><option value=\"La No\u00eb Poulain\">La No\u00eb Poulain<\/option><option value=\"La Poterie Mathieu\">La Poterie Mathieu<\/option><option value=\"Le Favril\">Le Favril<\/option><option value=\"Lieurey\">Lieurey<\/option><option value=\"Montfort sur Risle\">Montfort sur Risle<\/option><option value=\"Morsan\">Morsan<\/option><option value=\"Noards\">Noards<\/option><option value=\"Pont Authou\">Pont Authou<\/option><option value=\"Saint Beno\u00eft des Ombres\">Saint Beno\u00eft des Ombres<\/option><option value=\"Saint Christophe sur Cond\u00e9\">Saint Christophe sur Cond\u00e9<\/option><option value=\"Saint Etienne l&#039;Allier\">Saint Etienne l&#039;Allier<\/option><option value=\"Saint Georges du Mesnil\">Saint Georges du Mesnil<\/option><option value=\"Saint Georges du Vi\u00e8vre\">Saint Georges du Vi\u00e8vre<\/option><option value=\"Saint Gr\u00e9goire du Vi\u00e8vre\">Saint Gr\u00e9goire du Vi\u00e8vre<\/option><option value=\"Saint Martin Saint Firmin\">Saint Martin Saint Firmin<\/option><option value=\"Saint Philbert sur Risle\">Saint Philbert sur Risle<\/option><option value=\"Saint Pierre des Ifs\">Saint Pierre des Ifs<\/option><option value=\"Thierville\">Thierville<\/option><\/select><\/span><\/label>\n<\/p>\n<p><label> Nom et pr\u00e9nom de votre p\u00e8re<br \/>\n<span class=\"wpcf7-form-control-wrap\" data-name=\"text-171\"><input size=\"40\" class=\"wpcf7-form-control wpcf7-text wpcf7-validates-as-required\" aria-required=\"true\" aria-invalid=\"false\" value=\"\" type=\"text\" name=\"text-171\" \/><\/span><\/label>\n<\/p>\n<p><label> Nom de jeune fille et pr\u00e9nom de votre m\u00e8re<br \/>\n<span class=\"wpcf7-form-control-wrap\" data-name=\"text-42\"><input size=\"40\" class=\"wpcf7-form-control wpcf7-text wpcf7-validates-as-required\" aria-required=\"true\" aria-invalid=\"false\" value=\"\" type=\"text\" name=\"text-42\" \/><\/span><\/label>\n<\/p>\n<p><label> Votre message (facultatif)<br \/>\n<span class=\"wpcf7-form-control-wrap\" data-name=\"textarea-761\"><textarea cols=\"40\" rows=\"10\" class=\"wpcf7-form-control wpcf7-textarea\" aria-invalid=\"false\" name=\"textarea-761\"><\/textarea><\/span> <\/label>\n<\/p>\n<p><label> T\u00e9l\u00e9charger votre pi\u00e8ce d'identit\u00e9 pas plus de 10 Mo<br \/>\n<span class=\"wpcf7-form-control-wrap\" data-name=\"file-446\"><input size=\"40\" class=\"wpcf7-form-control wpcf7-file\" accept=\"audio\/*,video\/*,image\/*\" aria-invalid=\"false\" type=\"file\" name=\"file-446\" \/><\/span><\/label>\n<\/p>\n<p><input class=\"wpcf7-form-control has-spinner wpcf7-submit\" type=\"submit\" value=\"Envoyer\" \/>\n<\/p><div class=\"wpcf7-response-output\" aria-hidden=\"true\"><\/div>\n<\/form>\n<\/div>\n\n\n\n\n<p><a href=\"https:\/\/montgeoly.org\/index.php\/politique-de-confidentialite\/\" target=\"_blank\" rel=\"noreferrer noopener\">Notre politique de confidentialit\u00e9<\/a><\/p>\n","protected":false},"excerpt":{"rendered":"<p>Notre politique de confidentialit\u00e9<\/p>\n","protected":false},"author":1,"featured_media":0,"parent":0,"menu_order":0,"comment_status":"closed","ping_status":"closed","template":"template-parts\/template-no-sidebar.php","meta":{"footnotes":""},"class_list":["post-2205","page","type-page","status-publish","hentry"],"_links":{"self":[{"href":"https:\/\/montgeoly.org\/index.php?rest_route=\/wp\/v2\/pages\/2205","targetHints":{"allow":["GET"]}}],"collection":[{"href":"https:\/\/montgeoly.org\/index.php?rest_route=\/wp\/v2\/pages"}],"about":[{"href":"https:\/\/montgeoly.org\/index.php?rest_route=\/wp\/v2\/types\/page"}],"author":[{"embeddable":true,"href":"https:\/\/montgeoly.org\/index.php?rest_route=\/wp\/v2\/users\/1"}],"replies":[{"embeddable":true,"href":"https:\/\/montgeoly.org\/index.php?rest_route=%2Fwp%2Fv2%2Fcomments&post=2205"}],"version-history":[{"count":4,"href":"https:\/\/montgeoly.org\/index.php?rest_route=\/wp\/v2\/pages\/2205\/revisions"}],"predecessor-version":[{"id":2243,"href":"https:\/\/montgeoly.org\/index.php?rest_route=\/wp\/v2\/pages\/2205\/revisions\/2243"}],"wp:attachment":[{"href":"https:\/\/montgeoly.org\/index.php?rest_route=%2Fwp%2Fv2%2Fmedia&parent=2205"}],"curies":[{"name":"wp","href":"https:\/\/api.w.org\/{rel}","templated":true}]}}